{"id":245,"date":"2025-02-25T10:15:23","date_gmt":"2025-02-25T10:15:23","guid":{"rendered":"http:\/\/www.vanstappen.eu\/nl\/?page_id=245"},"modified":"2025-07-10T11:24:08","modified_gmt":"2025-07-10T11:24:08","slug":"contact","status":"publish","type":"page","link":"https:\/\/www.vanstappen.eu\/fr\/contact\/","title":{"rendered":"Contact"},"content":{"rendered":"\n<div class=\"wp-block-uagb-container uagb-block-deb0b99f alignfull uagb-is-root-container\"><div class=\"uagb-container-inner-blocks-wrap\">\n<div class=\"wp-block-columns is-layout-flex wp-container-core-columns-is-layout-28f84493 wp-block-columns-is-layout-flex\">\n<div class=\"wp-block-column is-layout-flow wp-block-column-is-layout-flow\">\n<div class=\"wp-block-uagb-image uagb-block-c92d5bae wp-block-uagb-image--layout-default wp-block-uagb-image--effect-static wp-block-uagb-image--align-none\"><figure class=\"wp-block-uagb-image__figure\"><img decoding=\"async\" srcset=\"https:\/\/www.vanstappen.eu\/wp-content\/uploads\/2025\/02\/adres-1.png ,https:\/\/www.vanstappen.eu\/wp-content\/uploads\/2025\/02\/adres-1.png 780w, https:\/\/www.vanstappen.eu\/wp-content\/uploads\/2025\/02\/adres-1.png 360w\" sizes=\"auto, (max-width: 480px) 150px\" src=\"https:\/\/www.vanstappen.eu\/wp-content\/uploads\/2025\/02\/adres-1.png\" alt=\"\" class=\"uag-image-248\" width=\"65\" height=\"65\" title=\"adres-1\" loading=\"lazy\" role=\"img\"\/><\/figure><\/div>\n\n\n\n<h3 class=\"wp-block-heading has-text-align-center\">Adresse<\/h3>\n\n\n\n<p class=\"has-text-align-center has-medium-font-size\">Van Stappen &#038; Cada<br>Vosseschijnstraat<br>Haven 140<br>2030 Antwerpen<\/p>\n<\/div>\n\n\n\n<div class=\"wp-block-column is-layout-flow wp-block-column-is-layout-flow\">\n<div class=\"wp-block-uagb-image uagb-block-bc078e02 wp-block-uagb-image--layout-default wp-block-uagb-image--effect-static wp-block-uagb-image--align-none\"><figure class=\"wp-block-uagb-image__figure\"><img decoding=\"async\" srcset=\"https:\/\/www.vanstappen.eu\/wp-content\/uploads\/2025\/02\/mail-1.png ,https:\/\/www.vanstappen.eu\/wp-content\/uploads\/2025\/02\/mail-1.png 780w, https:\/\/www.vanstappen.eu\/wp-content\/uploads\/2025\/02\/mail-1.png 360w\" sizes=\"auto, (max-width: 480px) 150px\" src=\"https:\/\/www.vanstappen.eu\/wp-content\/uploads\/2025\/02\/mail-1.png\" alt=\"\" class=\"uag-image-247\" width=\"65\" height=\"65\" title=\"mail-1\" loading=\"lazy\" role=\"img\"\/><\/figure><\/div>\n\n\n\n<h3 class=\"wp-block-heading has-text-align-center\">E-Mail<\/h3>\n\n\n\n<p class=\"has-text-align-center has-medium-font-size\"><a href=\"mailto:info@vanstappen.eu\">info@vanstappen.eu<\/a><\/p>\n<\/div>\n\n\n\n<div class=\"wp-block-column is-layout-flow wp-block-column-is-layout-flow\">\n<div class=\"wp-block-uagb-image uagb-block-cd0305f4 wp-block-uagb-image--layout-default wp-block-uagb-image--effect-static wp-block-uagb-image--align-none\"><figure class=\"wp-block-uagb-image__figure\"><img decoding=\"async\" srcset=\"https:\/\/www.vanstappen.eu\/wp-content\/uploads\/2025\/02\/telefoon-1.png ,https:\/\/www.vanstappen.eu\/wp-content\/uploads\/2025\/02\/telefoon-1.png 780w, https:\/\/www.vanstappen.eu\/wp-content\/uploads\/2025\/02\/telefoon-1.png 360w\" sizes=\"auto, (max-width: 480px) 150px\" src=\"https:\/\/www.vanstappen.eu\/wp-content\/uploads\/2025\/02\/telefoon-1.png\" alt=\"\" class=\"uag-image-246\" width=\"65\" height=\"65\" title=\"telefoon-1\" loading=\"lazy\" role=\"img\"\/><\/figure><\/div>\n\n\n\n<h3 class=\"wp-block-heading has-text-align-center\">T\u00e9l\u00e9phone<\/h3>\n\n\n\n<p class=\"has-text-align-center has-medium-font-size\">+32 (0)3 326 70 90<\/p>\n<\/div>\n<\/div>\n<\/div><\/div>\n\n\n\n<div style=\"height:46px\" aria-hidden=\"true\" class=\"wp-block-spacer\"><\/div>\n\n\n\n<div id=\"CTA\" class=\"wp-block-uagb-container uagb-block-32b8d658 alignfull uagb-is-root-container\"><div class=\"uagb-container-inner-blocks-wrap\">\n<div style=\"height:46px\" aria-hidden=\"true\" class=\"wp-block-spacer\"><\/div>\n\n\n\n<h2 class=\"wp-block-heading\">Commande et devis<\/h2>\n\n\n\n<h3 class=\"wp-block-heading\">Commande<\/h3>\n\n\n\n<div class=\"wp-block-columns is-layout-flex wp-container-core-columns-is-layout-28f84493 wp-block-columns-is-layout-flex\">\n<div class=\"wp-block-column is-layout-flow wp-block-column-is-layout-flow\">\n<p class=\"has-medium-font-size\">Chez Van Stappen &#038; Cada, vous pouvez facilement commander des pi\u00e8ces et de l&rsquo;\u00e9quipement pour vos applications marines. Gr\u00e2ce \u00e0 notre vaste stock de 10 000 pi\u00e8ces et \u00e0 un processus logistique efficace, nous pouvons garantir des livraisons rapides dans toute l&rsquo;Europe.<\/p>\n<\/div>\n\n\n\n<div class=\"wp-block-column is-layout-flow wp-block-column-is-layout-flow\">\n<h4 class=\"wp-block-heading\"><strong>Comment commander ?<\/strong><\/h4>\n\n\n\n<ol class=\"wp-block-list\">\n<li class=\"has-medium-font-size\"><strong>Demande en ligne:<\/strong> remplissez notre formulaire de commande sur le site web ou envoyez un e-mail \u00e0 <a href=\"mailto:info@vanstappen.eu\">info@vanstappen.eu<\/a>.<\/li>\n\n\n\n<li class=\"has-medium-font-size\"><strong>Commande par t\u00e9l\u00e9phone:<\/strong> Contactez-nous au&nbsp; <a href=\"tel:+3233267090\" data-type=\"tel\" data-id=\"tel:+3233267090\">+32 (0)3 326 70 90<\/a> et nos sp\u00e9cialistes se feront un plaisir de vous aider.<\/li>\n\n\n\n<li class=\"has-medium-font-size\"><strong>Enl\u00e8vement sur place:<\/strong> Visitez notre entrep\u00f4t \u00e0 Kaai 140 pour un enl\u00e8vement direct des pi\u00e8ces disponibles.<\/li>\n<\/ol>\n\n\n\n<div class=\"wp-block-uagb-buttons uagb-buttons__outer-wrap uagb-btn__default-btn uagb-btn-tablet__default-btn uagb-btn-mobile__default-btn uagb-block-80f3e9b0\"><div class=\"uagb-buttons__wrap uagb-buttons-layout-wrap \">\n<div class=\"wp-block-uagb-buttons-child uagb-buttons__outer-wrap uagb-block-63dda896 wp-block-button popmake-465\"><div class=\"uagb-button__wrapper\"><a class=\"uagb-buttons-repeater wp-block-button__link\" aria-label=\"\" href=\"#\" rel=\"follow noopener\" target=\"_self\" role=\"button\"><div class=\"uagb-button__link\">FORMULAIRE DE COMMANDE<\/div><\/a><\/div><\/div>\n<\/div><\/div>\n<\/div>\n<\/div>\n\n\n\n<h3 class=\"wp-block-heading\">Demande de devis<\/h3>\n\n\n\n<div class=\"wp-block-columns is-layout-flex wp-container-core-columns-is-layout-28f84493 wp-block-columns-is-layout-flex\">\n<div class=\"wp-block-column is-layout-flow wp-block-column-is-layout-flow\">\n<p class=\"has-medium-font-size\">Vous souhaitez obtenir un devis pour l&rsquo;installation, la r\u00e9paration ou la livraison de pi\u00e8ces ? Il vous suffit de demander un devis et vous recevrez rapidement une indication de prix sur mesure..<\/p>\n<\/div>\n\n\n\n<div class=\"wp-block-column is-layout-flow wp-block-column-is-layout-flow\">\n<h4 class=\"wp-block-heading\"><strong>Hoe een offerte aanvragen?<\/strong><\/h4>\n\n\n\n<ol class=\"wp-block-list\">\n<li class=\"has-medium-font-size\"><strong>Formulaire en ligne:<\/strong> Remplissez le formulaire de demande de devis sur notre site web.<\/li>\n\n\n\n<li class=\"has-medium-font-size\"><strong>Par courrier \u00e9lectronique: <\/strong>Envoyez votre demande avec les sp\u00e9cifications \u00e0&nbsp;<a href=\"mailto:info@vanstappen.eu\">info@vanstappen.eu<\/a>.<\/li>\n\n\n\n<li class=\"has-medium-font-size\"><strong>Consultation t\u00e9l\u00e9phonique: <\/strong>discutez de vos besoins directement avec nos experts au&nbsp; <a href=\"tel:+3233267090\" data-type=\"tel\" data-id=\"tel:+3233267090\">+32 (0)3 326 70 90<\/a> .<\/li>\n<\/ol>\n\n\n\n<div class=\"wp-block-uagb-buttons uagb-buttons__outer-wrap uagb-btn__default-btn uagb-btn-tablet__default-btn uagb-btn-mobile__default-btn uagb-block-df78e616\"><div class=\"uagb-buttons__wrap uagb-buttons-layout-wrap \">\n<div class=\"wp-block-uagb-buttons-child uagb-buttons__outer-wrap uagb-block-48a305a0 wp-block-button popmake-465\"><div class=\"uagb-button__wrapper\"><a class=\"uagb-buttons-repeater wp-block-button__link\" aria-label=\"\" href=\"#\" rel=\"follow noopener\" target=\"_self\" role=\"button\"><div class=\"uagb-button__link\">FORMULAIRE DE DEVIS<\/div><\/a><\/div><\/div>\n<\/div><\/div>\n<\/div>\n<\/div>\n\n\n\n<div style=\"height:46px\" aria-hidden=\"true\" class=\"wp-block-spacer\"><\/div>\n<\/div><\/div>\n\n\n\n<div style=\"height:46px\" aria-hidden=\"true\" class=\"wp-block-spacer\"><\/div>\n\n\n\t\t\t<div \n\t\t\tclass=\"wp-block-uagb-google-map uagb-google-map__wrap uagb-block-67e8c763     \"\n\t\t\tstyle=\"\" >\n\t\t\t\t<embed\n\t\t\t\t\tclass=\"uagb-google-map__iframe\"\n\t\t\t\t\ttitle=\"Carte Google pour \"\n\t\t\t\t\tsrc=\"https:\/\/maps.google.com\/maps?q=Van%20Stappen%20%26%20Cada&#038;z=14&#038;hl=nl&#038;t=m&#038;output=embed&#038;iwloc=near\"\n\t\t\t\t\twidth=\"640\"\n\t\t\t\t\theight=\"400\"\n\t\t\t\t\tloading=\"lazy\"\n\t\t\t\t><\/embed>\n\t\t\t<\/div>\n\t\t\t","protected":false},"excerpt":{"rendered":"<p>Adresse Van Stappen &#038; CadaVosseschijnstraatHaven 1402030 Antwerpen E-Mail info@vanstappen.eu T\u00e9l\u00e9phone +32 (0)3 326 70 90 Commande et devis Commande Chez [&hellip;]<\/p>\n","protected":false},"author":1,"featured_media":0,"parent":0,"menu_order":0,"comment_status":"closed","ping_status":"closed","template":"","meta":{"_uag_custom_page_level_css":"","site-sidebar-layout":"default","site-content-layout":"","ast-site-content-layout":"","site-content-style":"default","site-sidebar-style":"default","ast-global-header-display":"","ast-banner-title-visibility":"","ast-main-header-display":"","ast-hfb-above-header-display":"","ast-hfb-below-header-display":"","ast-hfb-mobile-header-display":"","site-post-title":"","ast-breadcrumbs-content":"","ast-featured-img":"","footer-sml-layout":"","theme-transparent-header-meta":"","adv-header-id-meta":"","stick-header-meta":"","header-above-stick-meta":"","header-main-stick-meta":"","header-below-stick-meta":"","astra-migrate-meta-layouts":"default","ast-page-background-enabled":"default","ast-page-background-meta":{"desktop":{"background-color":"var(--ast-global-color-5)","background-image":"","background-repeat":"repeat","background-position":"center center","background-size":"auto","background-attachment":"scroll","background-type":"","background-media":"","overlay-type":"","overlay-color":"","overlay-opacity":"","overlay-gradient":""},"tablet":{"background-color":"","background-image":"","background-repeat":"repeat","background-position":"center center","background-size":"auto","background-attachment":"scroll","background-type":"","background-media":"","overlay-type":"","overlay-color":"","overlay-opacity":"","overlay-gradient":""},"mobile":{"background-color":"","background-image":"","background-repeat":"repeat","background-position":"center center","background-size":"auto","background-attachment":"scroll","background-type":"","background-media":"","overlay-type":"","overlay-color":"","overlay-opacity":"","overlay-gradient":""}},"ast-content-background-meta":{"desktop":{"background-color":"var(--ast-global-color-4)","background-image":"","background-repeat":"repeat","background-position":"center center","background-size":"auto","background-attachment":"scroll","background-type":"","background-media":"","overlay-type":"","overlay-color":"","overlay-opacity":"","overlay-gradient":""},"tablet":{"background-color":"var(--ast-global-color-4)","background-image":"","background-repeat":"repeat","background-position":"center center","background-size":"auto","background-attachment":"scroll","background-type":"","background-media":"","overlay-type":"","overlay-color":"","overlay-opacity":"","overlay-gradient":""},"mobile":{"background-color":"var(--ast-global-color-4)","background-image":"","background-repeat":"repeat","background-position":"center center","background-size":"auto","background-attachment":"scroll","background-type":"","background-media":"","overlay-type":"","overlay-color":"","overlay-opacity":"","overlay-gradient":""}},"footnotes":""},"class_list":["post-245","page","type-page","status-publish","hentry"],"uagb_featured_image_src":{"full":false,"thumbnail":false,"medium":false,"medium_large":false,"large":false,"1536x1536":false,"2048x2048":false,"gform-image-choice-sm":false,"gform-image-choice-md":false,"gform-image-choice-lg":false},"uagb_author_info":{"display_name":"admincada","author_link":"https:\/\/www.vanstappen.eu\/fr\/author\/admincada\/"},"uagb_comment_info":0,"uagb_excerpt":"Adresse Van Stappen &#038; CadaVosseschijnstraatHaven 1402030 Antwerpen E-Mail info@vanstappen.eu T\u00e9l\u00e9phone +32 (0)3 326 70 90 Commande et devis Commande Chez [&hellip;]","_links":{"self":[{"href":"https:\/\/www.vanstappen.eu\/fr\/wp-json\/wp\/v2\/pages\/245","targetHints":{"allow":["GET"]}}],"collection":[{"href":"https:\/\/www.vanstappen.eu\/fr\/wp-json\/wp\/v2\/pages"}],"about":[{"href":"https:\/\/www.vanstappen.eu\/fr\/wp-json\/wp\/v2\/types\/page"}],"author":[{"embeddable":true,"href":"https:\/\/www.vanstappen.eu\/fr\/wp-json\/wp\/v2\/users\/1"}],"replies":[{"embeddable":true,"href":"https:\/\/www.vanstappen.eu\/fr\/wp-json\/wp\/v2\/comments?post=245"}],"version-history":[{"count":16,"href":"https:\/\/www.vanstappen.eu\/fr\/wp-json\/wp\/v2\/pages\/245\/revisions"}],"predecessor-version":[{"id":494,"href":"https:\/\/www.vanstappen.eu\/fr\/wp-json\/wp\/v2\/pages\/245\/revisions\/494"}],"wp:attachment":[{"href":"https:\/\/www.vanstappen.eu\/fr\/wp-json\/wp\/v2\/media?parent=245"}],"curies":[{"name":"wp","href":"https:\/\/api.w.org\/{rel}","templated":true}]}}