{"id":345,"date":"2025-03-26T13:51:43","date_gmt":"2025-03-26T13:51:43","guid":{"rendered":"http:\/\/www.vanstappen.eu\/nl\/?page_id=345"},"modified":"2025-07-10T11:03:50","modified_gmt":"2025-07-10T11:03:50","slug":"aanbod","status":"publish","type":"page","link":"https:\/\/www.vanstappen.eu\/fr\/aanbod\/","title":{"rendered":"Produits et services"},"content":{"rendered":"\n<h2 class=\"wp-block-heading\">Van Stappen &#038; Cada : Sp\u00e9cialiste de l&rsquo;approvisionnement et de l&rsquo;installation maritimes<\/h2>\n\n\n\n<div class=\"wp-block-columns is-layout-flex wp-container-core-columns-is-layout-28f84493 wp-block-columns-is-layout-flex\">\n<div class=\"wp-block-column is-layout-flow wp-block-column-is-layout-flow\">\n<p class=\"has-medium-font-size\">Van Stappen &#038; Cada est votre partenaire pour la fourniture et l&rsquo;installation de haute qualit\u00e9, tant pour les entreprises que pour les particuliers. Gr\u00e2ce \u00e0 notre expertise en mati\u00e8re d&rsquo;installations techniques, de travaux \u00e9lectriques et de services maritimes pour les bateaux de navigation int\u00e9rieure et de plaisance, nous proposons des solutions fiables et sur mesure.<\/p>\n\n\n\n<div class=\"wp-block-uagb-buttons uagb-buttons__outer-wrap uagb-btn__default-btn uagb-btn-tablet__default-btn uagb-btn-mobile__default-btn uagb-block-9db3bac2\"><div class=\"uagb-buttons__wrap uagb-buttons-layout-wrap \">\n<div class=\"wp-block-uagb-buttons-child uagb-buttons__outer-wrap uagb-block-35f64ec6 wp-block-button popmake-465\"><div class=\"uagb-button__wrapper\"><a class=\"uagb-buttons-repeater wp-block-button__link\" aria-label=\"\" href=\"#\" rel=\"follow noopener\" target=\"_self\" role=\"button\"><div class=\"uagb-button__link\">COMMANDE ET DEVIS<\/div><span class=\"uagb-button__icon uagb-button__icon-position-after\"><svg xmlns=\"https:\/\/www.w3.org\/2000\/svg\" viewBox=\"0 0 448 512\" aria-hidden=\"true\" focussable=\"false\"><path d=\"M438.6 278.6l-160 160C272.4 444.9 264.2 448 256 448s-16.38-3.125-22.62-9.375c-12.5-12.5-12.5-32.75 0-45.25L338.8 288H32C14.33 288 .0016 273.7 .0016 256S14.33 224 32 224h306.8l-105.4-105.4c-12.5-12.5-12.5-32.75 0-45.25s32.75-12.5 45.25 0l160 160C451.1 245.9 451.1 266.1 438.6 278.6z\"><\/path><\/svg><\/span><\/a><\/div><\/div>\n<\/div><\/div>\n<\/div>\n\n\n\n<div class=\"wp-block-column is-layout-flow wp-block-column-is-layout-flow\">\n<div class=\"wp-block-uagb-image uagb-block-caf3c919 wp-block-uagb-image--layout-default wp-block-uagb-image--effect-static wp-block-uagb-image--align-none\"><figure class=\"wp-block-uagb-image__figure\"><img decoding=\"async\" srcset=\"https:\/\/www.vanstappen.eu\/wp-content\/uploads\/2025\/02\/IMG_5376.jpg ,https:\/\/www.vanstappen.eu\/wp-content\/uploads\/2025\/02\/IMG_5376.jpg 780w, https:\/\/www.vanstappen.eu\/wp-content\/uploads\/2025\/02\/IMG_5376.jpg 360w\" sizes=\"auto, (max-width: 480px) 150px\" src=\"https:\/\/www.vanstappen.eu\/wp-content\/uploads\/2025\/02\/IMG_5376.jpg\" alt=\"\" class=\"uag-image-107\" width=\"900\" height=\"600\" title=\"IMG_5376\" loading=\"lazy\" role=\"img\"\/><\/figure><\/div>\n<\/div>\n<\/div>\n\n\n\n<div class=\"wp-block-uagb-container uagb-block-31348934 alignfull uagb-is-root-container\"><div class=\"uagb-container-inner-blocks-wrap\">\n<h3 class=\"wp-block-heading\">Notre offre pour les p\u00e9niches et les yachts<\/h3>\n<\/div><\/div>\n\n\n\n<div class=\"wp-block-uagb-container uagb-block-dc30ee1d alignfull uagb-is-root-container\"><div class=\"uagb-container-inner-blocks-wrap\">\n<div class=\"wp-block-uagb-container uagb-block-76af6f7b\">\n<h4 class=\"wp-block-heading\">Installations techniques<\/h4>\n\n\n\n<div class=\"wp-block-uagb-image uagb-block-0c3dc49a wp-block-uagb-image--layout-default wp-block-uagb-image--effect-static wp-block-uagb-image--align-none\"><figure class=\"wp-block-uagb-image__figure\"><img decoding=\"async\" srcset=\"https:\/\/www.vanstappen.eu\/wp-content\/uploads\/2025\/02\/IMG_5379.jpg ,https:\/\/www.vanstappen.eu\/wp-content\/uploads\/2025\/02\/IMG_5379.jpg 780w, https:\/\/www.vanstappen.eu\/wp-content\/uploads\/2025\/02\/IMG_5379.jpg 360w\" sizes=\"auto, (max-width: 480px) 150px\" src=\"https:\/\/www.vanstappen.eu\/wp-content\/uploads\/2025\/02\/IMG_5379.jpg\" alt=\"\" class=\"uag-image-104\" width=\"900\" height=\"600\" title=\"IMG_5379\" loading=\"lazy\" role=\"img\"\/><\/figure><\/div>\n\n\n\n<p>Nous sommes sp\u00e9cialis\u00e9s dans la construction d&rsquo;enseignes, d&rsquo;appareils \u00e0 gouverner et d&rsquo;\u00e9lectronique marine pour les voies navigables et les yachts. Notre \u00e9quipe s&rsquo;occupe aussi bien des nouvelles constructions que des transformations pour r\u00e9pondre \u00e0 tous vos besoins.<\/p>\n<\/div>\n\n\n\n<div class=\"wp-block-uagb-container uagb-block-9f71982c\">\n<h4 class=\"wp-block-heading\">\u00c9lectronique navale et remise \u00e0 neuf<\/h4>\n\n\n\n<div class=\"wp-block-uagb-image uagb-block-82bb9481 wp-block-uagb-image--layout-default wp-block-uagb-image--effect-static wp-block-uagb-image--align-none\"><figure class=\"wp-block-uagb-image__figure\"><img decoding=\"async\" srcset=\"https:\/\/www.vanstappen.eu\/wp-content\/uploads\/2025\/02\/11-1.jpg ,https:\/\/www.vanstappen.eu\/wp-content\/uploads\/2025\/02\/11-1.jpg 780w, https:\/\/www.vanstappen.eu\/wp-content\/uploads\/2025\/02\/11-1.jpg 360w\" sizes=\"auto, (max-width: 480px) 150px\" src=\"https:\/\/www.vanstappen.eu\/wp-content\/uploads\/2025\/02\/11-1.jpg\" alt=\"\" class=\"uag-image-106\" width=\"900\" height=\"600\" title=\"11\" loading=\"lazy\" role=\"img\"\/><\/figure><\/div>\n\n\n\n<p>Nous \u00e9quipons diff\u00e9rents types de navires d&rsquo;une \u00e9lectronique de renom pour la navigation fluviale et la plaisance. Notre exp\u00e9rience en mati\u00e8re de r\u00e9novation et de r\u00e9paration de navires garantit une qualit\u00e9 et une fiabilit\u00e9 \u00e9lev\u00e9es.<\/p>\n<\/div>\n\n\n\n<div class=\"wp-block-uagb-container uagb-block-e75fcc77\">\n<h4 class=\"wp-block-heading\">Solutions de navigation<\/h4>\n\n\n\n<div class=\"wp-block-uagb-image uagb-block-3232bd39 wp-block-uagb-image--layout-default wp-block-uagb-image--effect-static wp-block-uagb-image--align-none\"><figure class=\"wp-block-uagb-image__figure\"><img decoding=\"async\" srcset=\"https:\/\/www.vanstappen.eu\/wp-content\/uploads\/2025\/02\/74.jpg ,https:\/\/www.vanstappen.eu\/wp-content\/uploads\/2025\/02\/74.jpg 780w, https:\/\/www.vanstappen.eu\/wp-content\/uploads\/2025\/02\/74.jpg 360w\" sizes=\"auto, (max-width: 480px) 150px\" src=\"https:\/\/www.vanstappen.eu\/wp-content\/uploads\/2025\/02\/74.jpg\" alt=\"\" class=\"uag-image-175\" width=\"550\" height=\"350\" title=\"\" loading=\"lazy\" role=\"img\"\/><\/figure><\/div>\n\n\n\n<p>Nous proposons des produits tels que radars, pilotes, AIS, tachygraphes, radios marines et profondim\u00e8tres des plus grands fabricants mondiaux. Gr\u00e2ce \u00e0 notre large gamme, vous pouvez compter sur des solutions personnalis\u00e9es.<\/p>\n<\/div>\n\n\n\n<div class=\"wp-block-uagb-container uagb-block-2daf6158\">\n<h4 class=\"wp-block-heading\">Cam\u00e9ra de s\u00e9curit\u00e9<\/h4>\n\n\n\n<div class=\"wp-block-uagb-image uagb-block-220bd680 wp-block-uagb-image--layout-default wp-block-uagb-image--effect-static wp-block-uagb-image--align-none\"><figure class=\"wp-block-uagb-image__figure\"><img decoding=\"async\" srcset=\"https:\/\/www.vanstappen.eu\/wp-content\/uploads\/2025\/02\/37.jpg ,https:\/\/www.vanstappen.eu\/wp-content\/uploads\/2025\/02\/37.jpg 780w, https:\/\/www.vanstappen.eu\/wp-content\/uploads\/2025\/02\/37.jpg 360w\" sizes=\"auto, (max-width: 480px) 150px\" src=\"https:\/\/www.vanstappen.eu\/wp-content\/uploads\/2025\/02\/37.jpg\" alt=\"\" class=\"uag-image-204\" width=\"550\" height=\"350\" title=\"37\" loading=\"lazy\" role=\"img\"\/><\/figure><\/div>\n\n\n\n<p>Une visibilit\u00e9 optimale autour de votre navire est essentielle. Les cam\u00e9ras vous permettent d&rsquo;avoir un \u0153il suppl\u00e9mentaire dans les situations dangereuses, en vous donnant des images vid\u00e9o en temps r\u00e9el pour prendre les bonnes d\u00e9cisions.<\/p>\n<\/div>\n\n\n\n<div class=\"wp-block-uagb-container uagb-block-f9cae25f\">\n<h4 class=\"wp-block-heading\">Onduleurs et chargeurs de batterie pour des installations optimales sur les navires<\/h4>\n\n\n\n<div class=\"wp-block-uagb-image uagb-block-cfcaad2d wp-block-uagb-image--layout-default wp-block-uagb-image--effect-static wp-block-uagb-image--align-none\"><figure class=\"wp-block-uagb-image__figure\"><img decoding=\"async\" srcset=\"https:\/\/www.vanstappen.eu\/wp-content\/uploads\/2025\/02\/43.jpg ,https:\/\/www.vanstappen.eu\/wp-content\/uploads\/2025\/02\/43.jpg 780w, https:\/\/www.vanstappen.eu\/wp-content\/uploads\/2025\/02\/43.jpg 360w\" sizes=\"auto, (max-width: 480px) 150px\" src=\"https:\/\/www.vanstappen.eu\/wp-content\/uploads\/2025\/02\/43.jpg\" alt=\"\" class=\"uag-image-214\" width=\"550\" height=\"350\" title=\"43\" loading=\"lazy\" role=\"img\"\/><\/figure><\/div>\n\n\n\n<p>Les onduleurs et les chargeurs de batterie sont indispensables \u00e0 bord. Avec les produits Victron&nbsp;et Mastervolt nous garantissons les meilleures performances. Notre expertise en mati\u00e8re d&rsquo;alternateurs vous assure un fonctionnement optimal de votre installation marine.<\/p>\n<\/div>\n<\/div><\/div>\n","protected":false},"excerpt":{"rendered":"<p>Van Stappen &#038; Cada : Sp\u00e9cialiste de l&rsquo;approvisionnement et de l&rsquo;installation maritimes Van Stappen &#038; Cada est votre partenaire pour [&hellip;]<\/p>\n","protected":false},"author":1,"featured_media":137,"parent":0,"menu_order":0,"comment_status":"closed","ping_status":"closed","template":"","meta":{"_uag_custom_page_level_css":"","site-sidebar-layout":"default","site-content-layout":"","ast-site-content-layout":"","site-content-style":"default","site-sidebar-style":"default","ast-global-header-display":"","ast-banner-title-visibility":"","ast-main-header-display":"","ast-hfb-above-header-display":"","ast-hfb-below-header-display":"","ast-hfb-mobile-header-display":"","site-post-title":"","ast-breadcrumbs-content":"","ast-featured-img":"","footer-sml-layout":"","theme-transparent-header-meta":"","adv-header-id-meta":"","stick-header-meta":"","header-above-stick-meta":"","header-main-stick-meta":"","header-below-stick-meta":"","astra-migrate-meta-layouts":"default","ast-page-background-enabled":"default","ast-page-background-meta":{"desktop":{"background-color":"var(--ast-global-color-5)","background-image":"","background-repeat":"repeat","background-position":"center center","background-size":"auto","background-attachment":"scroll","background-type":"","background-media":"","overlay-type":"","overlay-color":"","overlay-opacity":"","overlay-gradient":""},"tablet":{"background-color":"","background-image":"","background-repeat":"repeat","background-position":"center center","background-size":"auto","background-attachment":"scroll","background-type":"","background-media":"","overlay-type":"","overlay-color":"","overlay-opacity":"","overlay-gradient":""},"mobile":{"background-color":"","background-image":"","background-repeat":"repeat","background-position":"center center","background-size":"auto","background-attachment":"scroll","background-type":"","background-media":"","overlay-type":"","overlay-color":"","overlay-opacity":"","overlay-gradient":""}},"ast-content-background-meta":{"desktop":{"background-color":"var(--ast-global-color-4)","background-image":"","background-repeat":"repeat","background-position":"center center","background-size":"auto","background-attachment":"scroll","background-type":"","background-media":"","overlay-type":"","overlay-color":"","overlay-opacity":"","overlay-gradient":""},"tablet":{"background-color":"var(--ast-global-color-4)","background-image":"","background-repeat":"repeat","background-position":"center center","background-size":"auto","background-attachment":"scroll","background-type":"","background-media":"","overlay-type":"","overlay-color":"","overlay-opacity":"","overlay-gradient":""},"mobile":{"background-color":"var(--ast-global-color-4)","background-image":"","background-repeat":"repeat","background-position":"center center","background-size":"auto","background-attachment":"scroll","background-type":"","background-media":"","overlay-type":"","overlay-color":"","overlay-opacity":"","overlay-gradient":""}},"footnotes":""},"class_list":["post-345","page","type-page","status-publish","has-post-thumbnail","hentry"],"uagb_featured_image_src":{"full":["https:\/\/www.vanstappen.eu\/wp-content\/uploads\/2025\/02\/binnenvaart_2.jpg",550,350,false],"thumbnail":["https:\/\/www.vanstappen.eu\/wp-content\/uploads\/2025\/02\/binnenvaart_2-150x150.jpg",150,150,true],"medium":["https:\/\/www.vanstappen.eu\/wp-content\/uploads\/2025\/02\/binnenvaart_2-300x191.jpg",300,191,true],"medium_large":["https:\/\/www.vanstappen.eu\/wp-content\/uploads\/2025\/02\/binnenvaart_2.jpg",550,350,false],"large":["https:\/\/www.vanstappen.eu\/wp-content\/uploads\/2025\/02\/binnenvaart_2.jpg",550,350,false],"1536x1536":["https:\/\/www.vanstappen.eu\/wp-content\/uploads\/2025\/02\/binnenvaart_2.jpg",550,350,false],"2048x2048":["https:\/\/www.vanstappen.eu\/wp-content\/uploads\/2025\/02\/binnenvaart_2.jpg",550,350,false],"gform-image-choice-sm":["https:\/\/www.vanstappen.eu\/wp-content\/uploads\/2025\/02\/binnenvaart_2.jpg",300,191,false],"gform-image-choice-md":["https:\/\/www.vanstappen.eu\/wp-content\/uploads\/2025\/02\/binnenvaart_2.jpg",400,255,false],"gform-image-choice-lg":["https:\/\/www.vanstappen.eu\/wp-content\/uploads\/2025\/02\/binnenvaart_2.jpg",550,350,false]},"uagb_author_info":{"display_name":"admincada","author_link":"https:\/\/www.vanstappen.eu\/fr\/author\/admincada\/"},"uagb_comment_info":0,"uagb_excerpt":"Van Stappen &#038; Cada : Sp\u00e9cialiste de l&rsquo;approvisionnement et de l&rsquo;installation maritimes Van Stappen &#038; Cada est votre partenaire pour [&hellip;]","_links":{"self":[{"href":"https:\/\/www.vanstappen.eu\/fr\/wp-json\/wp\/v2\/pages\/345","targetHints":{"allow":["GET"]}}],"collection":[{"href":"https:\/\/www.vanstappen.eu\/fr\/wp-json\/wp\/v2\/pages"}],"about":[{"href":"https:\/\/www.vanstappen.eu\/fr\/wp-json\/wp\/v2\/types\/page"}],"author":[{"embeddable":true,"href":"https:\/\/www.vanstappen.eu\/fr\/wp-json\/wp\/v2\/users\/1"}],"replies":[{"embeddable":true,"href":"https:\/\/www.vanstappen.eu\/fr\/wp-json\/wp\/v2\/comments?post=345"}],"version-history":[{"count":13,"href":"https:\/\/www.vanstappen.eu\/fr\/wp-json\/wp\/v2\/pages\/345\/revisions"}],"predecessor-version":[{"id":485,"href":"https:\/\/www.vanstappen.eu\/fr\/wp-json\/wp\/v2\/pages\/345\/revisions\/485"}],"wp:featuredmedia":[{"embeddable":true,"href":"https:\/\/www.vanstappen.eu\/fr\/wp-json\/wp\/v2\/media\/137"}],"wp:attachment":[{"href":"https:\/\/www.vanstappen.eu\/fr\/wp-json\/wp\/v2\/media?parent=345"}],"curies":[{"name":"wp","href":"https:\/\/api.w.org\/{rel}","templated":true}]}}