{"id":355,"date":"2025-03-27T10:58:15","date_gmt":"2025-03-27T10:58:15","guid":{"rendered":"http:\/\/www.vanstappen.eu\/nl\/?page_id=355"},"modified":"2025-07-10T11:05:22","modified_gmt":"2025-07-10T11:05:22","slug":"support","status":"publish","type":"page","link":"https:\/\/www.vanstappen.eu\/fr\/support\/","title":{"rendered":"Service et maintenance"},"content":{"rendered":"\n<h2 class=\"wp-block-heading\"><strong>Van Stappen &#038; Cada : votre partenaire fiable pour l&rsquo;entretien et la maintenance des navires<\/strong><\/h2>\n\n\n\n<div class=\"wp-block-columns is-layout-flex wp-container-core-columns-is-layout-28f84493 wp-block-columns-is-layout-flex\">\n<div class=\"wp-block-column is-layout-flow wp-block-column-is-layout-flow\">\n<p class=\"has-medium-font-size\">Van Stappen &#038; Cada est un grand nom de l&rsquo;\u00e9lectro-navigation et jouit d&rsquo;une confiance internationale dans le secteur. <\/p>\n\n\n\n<p class=\"has-medium-font-size\">Sa situation strat\u00e9gique au quai 140 garantit un suivi efficace et un excellent service. En tant que leader du march\u00e9 de l&rsquo;\u00e9lectricit\u00e9 marine dans la navigation int\u00e9rieure, nous offrons \u00e0 nos clients en Belgique, aux Pays-Bas et en France des solutions et une expertise de haute qualit\u00e9.<\/p>\n<\/div>\n\n\n\n<div class=\"wp-block-column is-layout-flow wp-block-column-is-layout-flow\">\n<div class=\"wp-block-uagb-image uagb-block-16d40bf8 wp-block-uagb-image--layout-default wp-block-uagb-image--effect-static wp-block-uagb-image--align-none\"><figure class=\"wp-block-uagb-image__figure\"><img decoding=\"async\" srcset=\"https:\/\/www.vanstappen.eu\/wp-content\/uploads\/2025\/02\/IMG_5395-1.jpg ,https:\/\/www.vanstappen.eu\/wp-content\/uploads\/2025\/02\/IMG_5395-1.jpg 780w, https:\/\/www.vanstappen.eu\/wp-content\/uploads\/2025\/02\/IMG_5395-1.jpg 360w\" sizes=\"auto, (max-width: 480px) 150px\" src=\"https:\/\/www.vanstappen.eu\/wp-content\/uploads\/2025\/02\/IMG_5395-1.jpg\" alt=\"\" class=\"uag-image-105\" width=\"900\" height=\"600\" title=\"IMG_5395\" loading=\"lazy\" role=\"img\"\/><\/figure><\/div>\n<\/div>\n<\/div>\n\n\n\n<div class=\"wp-block-columns has-ast-global-color-4-color has-ast-global-color-0-background-color has-text-color has-background has-link-color wp-elements-3746863c36c6fce66b5fadf64e7815d2 is-layout-flex wp-container-core-columns-is-layout-28f84493 wp-block-columns-is-layout-flex\" style=\"border-radius:0px\">\n<div class=\"wp-block-column is-layout-flow wp-block-column-is-layout-flow\" style=\"flex-basis:25%\">\n<div class=\"wp-block-uagb-image uagb-block-6332e224 wp-block-uagb-image--layout-default wp-block-uagb-image--effect-static wp-block-uagb-image--align-none\"><figure class=\"wp-block-uagb-image__figure\"><img decoding=\"async\" srcset=\"https:\/\/www.vanstappen.eu\/wp-content\/uploads\/2025\/03\/Logos_24-7-1.png ,https:\/\/www.vanstappen.eu\/wp-content\/uploads\/2025\/03\/Logos_24-7-1.png 780w, https:\/\/www.vanstappen.eu\/wp-content\/uploads\/2025\/03\/Logos_24-7-1.png 360w\" sizes=\"auto, (max-width: 480px) 150px\" src=\"https:\/\/www.vanstappen.eu\/wp-content\/uploads\/2025\/03\/Logos_24-7-1.png\" alt=\"\" class=\"uag-image-361\" width=\"300\" height=\"300\" title=\"Logos_24-7\" loading=\"lazy\" role=\"img\"\/><\/figure><\/div>\n<\/div>\n\n\n\n<div class=\"wp-block-column is-layout-flow wp-block-column-is-layout-flow\" style=\"flex-basis:54%\">\n<h3 class=\"wp-block-heading has-ast-global-color-4-color has-text-color has-link-color wp-elements-900e38d581d07e59b78ecc2ea50c07dd\">Service 24\/7 et assistance imm\u00e9diate<\/h3>\n\n\n\n<p class=\"has-medium-font-size\">Gr\u00e2ce \u00e0 notre service 24\/7, vous pouvez toujours compter sur nous. Appelez le num\u00e9ro de service: +32(0)475 44 05 57.<\/p>\n<\/div>\n\n\n\n<div class=\"wp-block-column is-layout-flow wp-block-column-is-layout-flow\" style=\"flex-basis:25%\">\n<div class=\"wp-block-uagb-image uagb-block-bcb8648d wp-block-uagb-image--layout-default wp-block-uagb-image--effect-static wp-block-uagb-image--align-none\"><figure class=\"wp-block-uagb-image__figure\"><img decoding=\"async\" srcset=\"https:\/\/www.vanstappen.eu\/wp-content\/uploads\/2025\/03\/Logos_24-7-1.png ,https:\/\/www.vanstappen.eu\/wp-content\/uploads\/2025\/03\/Logos_24-7-1.png 780w, https:\/\/www.vanstappen.eu\/wp-content\/uploads\/2025\/03\/Logos_24-7-1.png 360w\" sizes=\"auto, (max-width: 480px) 150px\" src=\"https:\/\/www.vanstappen.eu\/wp-content\/uploads\/2025\/03\/Logos_24-7-1.png\" alt=\"\" class=\"uag-image-361\" width=\"300\" height=\"300\" title=\"Logos_24-7\" loading=\"lazy\" role=\"img\"\/><\/figure><\/div>\n<\/div>\n<\/div>\n\n\n\n<div class=\"wp-block-columns is-layout-flex wp-container-core-columns-is-layout-28f84493 wp-block-columns-is-layout-flex\">\n<div class=\"wp-block-column is-layout-flow wp-block-column-is-layout-flow\">\n<h3 class=\"wp-block-heading\">Stock \u00e9tendu de 10 000 pi\u00e8ces<\/h3>\n\n\n\n<p class=\"has-medium-font-size\">Nos entrep\u00f4ts enti\u00e8rement automatis\u00e9s et contr\u00f4l\u00e9s par ordinateur au quai 140 garantissent que les mat\u00e9riaux n\u00e9cessaires \u00e0 l&rsquo;installation et \u00e0 la r\u00e9paration sont presque toujours disponibles. Cela garantit un service rapide et efficace dans toute l&rsquo;Europe.<\/p>\n\n\n\n<p class=\"has-medium-font-size\">L&#8217;emplacement strat\u00e9gique du quai offre de nombreux avantages, tels que le contact direct avec les clients et les fournisseurs, ce qui permet d&rsquo;assurer un suivi harmonieux et un excellent service.<\/p>\n\n\n\n<p class=\"has-medium-font-size\">Notre activit\u00e9 principale &#8211; la r\u00e9paration, la finition et l&rsquo;entretien des navires pour la navigation int\u00e9rieure &#8211; est concentr\u00e9e autour des quais 138-140.<\/p>\n<\/div>\n\n\n\n<div class=\"wp-block-column is-layout-flow wp-block-column-is-layout-flow\">\n<div class=\"wp-block-uagb-image uagb-block-0c6e8c64 wp-block-uagb-image--layout-default wp-block-uagb-image--effect-static wp-block-uagb-image--align-none\"><figure class=\"wp-block-uagb-image__figure\"><img decoding=\"async\" srcset=\"https:\/\/www.vanstappen.eu\/wp-content\/uploads\/2025\/02\/IMG_3270.jpg ,https:\/\/www.vanstappen.eu\/wp-content\/uploads\/2025\/02\/IMG_3270.jpg 780w, https:\/\/www.vanstappen.eu\/wp-content\/uploads\/2025\/02\/IMG_3270.jpg 360w\" sizes=\"auto, (max-width: 480px) 150px\" src=\"https:\/\/www.vanstappen.eu\/wp-content\/uploads\/2025\/02\/IMG_3270.jpg\" alt=\"\" class=\"uag-image-84\" width=\"900\" height=\"600\" title=\"IMG_3270\" loading=\"lazy\" role=\"img\"\/><\/figure><\/div>\n\n\n\n<div class=\"wp-block-uagb-buttons uagb-buttons__outer-wrap uagb-btn__default-btn uagb-btn-tablet__default-btn uagb-btn-mobile__default-btn uagb-block-9db3bac2\"><div class=\"uagb-buttons__wrap uagb-buttons-layout-wrap \">\n<div class=\"wp-block-uagb-buttons-child uagb-buttons__outer-wrap uagb-block-35f64ec6 wp-block-button popmake-465\"><div class=\"uagb-button__wrapper\"><a class=\"uagb-buttons-repeater wp-block-button__link\" aria-label=\"\" href=\"#\" rel=\"follow noopener\" target=\"_self\" role=\"button\"><div class=\"uagb-button__link\">COMMANDE ET DEVIS<\/div><span class=\"uagb-button__icon uagb-button__icon-position-after\"><svg xmlns=\"https:\/\/www.w3.org\/2000\/svg\" viewBox=\"0 0 448 512\" aria-hidden=\"true\" focussable=\"false\"><path d=\"M438.6 278.6l-160 160C272.4 444.9 264.2 448 256 448s-16.38-3.125-22.62-9.375c-12.5-12.5-12.5-32.75 0-45.25L338.8 288H32C14.33 288 .0016 273.7 .0016 256S14.33 224 32 224h306.8l-105.4-105.4c-12.5-12.5-12.5-32.75 0-45.25s32.75-12.5 45.25 0l160 160C451.1 245.9 451.1 266.1 438.6 278.6z\"><\/path><\/svg><\/span><\/a><\/div><\/div>\n<\/div><\/div>\n<\/div>\n<\/div>\n\n\n\n<div class=\"wp-block-columns is-layout-flex wp-container-core-columns-is-layout-28f84493 wp-block-columns-is-layout-flex\">\n<div class=\"wp-block-column is-layout-flow wp-block-column-is-layout-flow\">\n<p class=\"has-text-align-center has-medium-font-size\"><strong>Pour un service 24 heures sur 24, 7 jours sur 7, veuillez appeler \u00e0 tout moment le : +32(0)475 44 05 57<\/strong><\/p>\n<\/div>\n<\/div>\n\n\n\n<p><\/p>\n","protected":false},"excerpt":{"rendered":"<p>Van Stappen &#038; Cada : votre partenaire fiable pour l&rsquo;entretien et la maintenance des navires Van Stappen &#038; Cada est [&hellip;]<\/p>\n","protected":false},"author":1,"featured_media":0,"parent":0,"menu_order":0,"comment_status":"closed","ping_status":"closed","template":"","meta":{"_uag_custom_page_level_css":"","site-sidebar-layout":"default","site-content-layout":"","ast-site-content-layout":"","site-content-style":"default","site-sidebar-style":"default","ast-global-header-display":"","ast-banner-title-visibility":"","ast-main-header-display":"","ast-hfb-above-header-display":"","ast-hfb-below-header-display":"","ast-hfb-mobile-header-display":"","site-post-title":"","ast-breadcrumbs-content":"","ast-featured-img":"","footer-sml-layout":"","theme-transparent-header-meta":"","adv-header-id-meta":"","stick-header-meta":"","header-above-stick-meta":"","header-main-stick-meta":"","header-below-stick-meta":"","astra-migrate-meta-layouts":"default","ast-page-background-enabled":"default","ast-page-background-meta":{"desktop":{"background-color":"var(--ast-global-color-5)","background-image":"","background-repeat":"repeat","background-position":"center center","background-size":"auto","background-attachment":"scroll","background-type":"","background-media":"","overlay-type":"","overlay-color":"","overlay-opacity":"","overlay-gradient":""},"tablet":{"background-color":"","background-image":"","background-repeat":"repeat","background-position":"center center","background-size":"auto","background-attachment":"scroll","background-type":"","background-media":"","overlay-type":"","overlay-color":"","overlay-opacity":"","overlay-gradient":""},"mobile":{"background-color":"","background-image":"","background-repeat":"repeat","background-position":"center center","background-size":"auto","background-attachment":"scroll","background-type":"","background-media":"","overlay-type":"","overlay-color":"","overlay-opacity":"","overlay-gradient":""}},"ast-content-background-meta":{"desktop":{"background-color":"var(--ast-global-color-4)","background-image":"","background-repeat":"repeat","background-position":"center center","background-size":"auto","background-attachment":"scroll","background-type":"","background-media":"","overlay-type":"","overlay-color":"","overlay-opacity":"","overlay-gradient":""},"tablet":{"background-color":"var(--ast-global-color-4)","background-image":"","background-repeat":"repeat","background-position":"center center","background-size":"auto","background-attachment":"scroll","background-type":"","background-media":"","overlay-type":"","overlay-color":"","overlay-opacity":"","overlay-gradient":""},"mobile":{"background-color":"var(--ast-global-color-4)","background-image":"","background-repeat":"repeat","background-position":"center center","background-size":"auto","background-attachment":"scroll","background-type":"","background-media":"","overlay-type":"","overlay-color":"","overlay-opacity":"","overlay-gradient":""}},"footnotes":""},"class_list":["post-355","page","type-page","status-publish","hentry"],"uagb_featured_image_src":{"full":false,"thumbnail":false,"medium":false,"medium_large":false,"large":false,"1536x1536":false,"2048x2048":false,"gform-image-choice-sm":false,"gform-image-choice-md":false,"gform-image-choice-lg":false},"uagb_author_info":{"display_name":"admincada","author_link":"https:\/\/www.vanstappen.eu\/fr\/author\/admincada\/"},"uagb_comment_info":0,"uagb_excerpt":"Van Stappen &#038; Cada : votre partenaire fiable pour l&rsquo;entretien et la maintenance des navires Van Stappen &#038; Cada est [&hellip;]","_links":{"self":[{"href":"https:\/\/www.vanstappen.eu\/fr\/wp-json\/wp\/v2\/pages\/355","targetHints":{"allow":["GET"]}}],"collection":[{"href":"https:\/\/www.vanstappen.eu\/fr\/wp-json\/wp\/v2\/pages"}],"about":[{"href":"https:\/\/www.vanstappen.eu\/fr\/wp-json\/wp\/v2\/types\/page"}],"author":[{"embeddable":true,"href":"https:\/\/www.vanstappen.eu\/fr\/wp-json\/wp\/v2\/users\/1"}],"replies":[{"embeddable":true,"href":"https:\/\/www.vanstappen.eu\/fr\/wp-json\/wp\/v2\/comments?post=355"}],"version-history":[{"count":12,"href":"https:\/\/www.vanstappen.eu\/fr\/wp-json\/wp\/v2\/pages\/355\/revisions"}],"predecessor-version":[{"id":487,"href":"https:\/\/www.vanstappen.eu\/fr\/wp-json\/wp\/v2\/pages\/355\/revisions\/487"}],"wp:attachment":[{"href":"https:\/\/www.vanstappen.eu\/fr\/wp-json\/wp\/v2\/media?parent=355"}],"curies":[{"name":"wp","href":"https:\/\/api.w.org\/{rel}","templated":true}]}}