{"id":58,"date":"2025-02-21T09:29:07","date_gmt":"2025-02-21T09:29:07","guid":{"rendered":"http:\/\/www.vanstappen.eu\/nl\/?page_id=58"},"modified":"2025-07-10T11:02:23","modified_gmt":"2025-07-10T11:02:23","slug":"home","status":"publish","type":"page","link":"https:\/\/www.vanstappen.eu\/fr\/","title":{"rendered":"Home"},"content":{"rendered":"\n<div class=\"wp-block-uagb-advanced-heading uagb-block-d12fe004\"><h2 class=\"uagb-heading-text\">Van Stappen &#038; Cada Scheepselectro<\/h2><\/div>\n\n\n\n<div class=\"wp-block-columns is-layout-flex wp-container-core-columns-is-layout-28f84493 wp-block-columns-is-layout-flex\">\n<div class=\"wp-block-column is-layout-flow wp-block-column-is-layout-flow\">\n<p class=\"has-medium-font-size\">Chez Van Stappen &#038; Cada, nous sommes sp\u00e9cialis\u00e9s dans l&rsquo;\u00e9lectronique marine, et plus particuli\u00e8rement dans les \u00e9quipements de navigation, les batteries, la r\u00e9paration, la finition et l&rsquo;entretien des bateaux de navigation int\u00e9rieure et de plaisance. Depuis nos locaux situ\u00e9s sur le quai 138-140, dans le port d&rsquo;Anvers, nous offrons des solutions de haute qualit\u00e9 et un service personnalis\u00e9 pour tous vos besoins en mati\u00e8re d&rsquo;\u00e9lectricit\u00e9 marine.<\/p>\n\n\n\n<div class=\"wp-block-uagb-buttons uagb-buttons__outer-wrap uagb-btn__default-btn uagb-btn-tablet__default-btn uagb-btn-mobile__default-btn uagb-block-573004eb\"><div class=\"uagb-buttons__wrap uagb-buttons-layout-wrap \">\n<div class=\"wp-block-uagb-buttons-child uagb-buttons__outer-wrap uagb-block-65da766c wp-block-button popmake-465\"><div class=\"uagb-button__wrapper\"><a class=\"uagb-buttons-repeater wp-block-button__link\" aria-label=\"\" href=\"#\" rel=\"follow noopener\" target=\"_self\" role=\"button\"><div class=\"uagb-button__link\">COMMANDE ET DEVIS<\/div><span class=\"uagb-button__icon uagb-button__icon-position-after\"><svg xmlns=\"https:\/\/www.w3.org\/2000\/svg\" viewBox=\"0 0 448 512\" aria-hidden=\"true\" focussable=\"false\"><path d=\"M438.6 278.6l-160 160C272.4 444.9 264.2 448 256 448s-16.38-3.125-22.62-9.375c-12.5-12.5-12.5-32.75 0-45.25L338.8 288H32C14.33 288 .0016 273.7 .0016 256S14.33 224 32 224h306.8l-105.4-105.4c-12.5-12.5-12.5-32.75 0-45.25s32.75-12.5 45.25 0l160 160C451.1 245.9 451.1 266.1 438.6 278.6z\"><\/path><\/svg><\/span><\/a><\/div><\/div>\n<\/div><\/div>\n<\/div>\n\n\n\n<div class=\"wp-block-column is-layout-flow wp-block-column-is-layout-flow\">\n<div class=\"wp-block-uagb-image uagb-block-8ae1ab53 wp-block-uagb-image--layout-default wp-block-uagb-image--effect-static wp-block-uagb-image--align-none\"><figure class=\"wp-block-uagb-image__figure\"><img decoding=\"async\" srcset=\"https:\/\/www.vanstappen.eu\/wp-content\/uploads\/2025\/02\/Office-front.jpg ,https:\/\/www.vanstappen.eu\/wp-content\/uploads\/2025\/02\/Office-front.jpg 780w, https:\/\/www.vanstappen.eu\/wp-content\/uploads\/2025\/02\/Office-front.jpg 360w\" sizes=\"auto, (max-width: 480px) 150px\" src=\"https:\/\/www.vanstappen.eu\/wp-content\/uploads\/2025\/02\/Office-front.jpg\" alt=\"Kantoor Van Stappen &#038; Cada\" class=\"uag-image-52\" width=\"550\" height=\"350\" title=\"Office-front\" loading=\"lazy\" role=\"img\"\/><\/figure><\/div>\n<\/div>\n<\/div>\n\n\n\n<div class=\"wp-block-columns is-layout-flex wp-container-core-columns-is-layout-28f84493 wp-block-columns-is-layout-flex\">\n<div class=\"wp-block-column is-layout-flow wp-block-column-is-layout-flow\">\n<p class=\"has-medium-font-size\">Nos services comprennent les installations \u00e9lectriques, les technologies de radar et de navigation, les syst\u00e8mes de propulsion, les cam\u00e9ras et les batteries. Gr\u00e2ce \u00e0 notre excellente r\u00e9putation et \u00e0 notre vaste client\u00e8le, nous offrons une solide garantie de service et d&rsquo;entretien 24 heures sur 24 et 7 jours sur 7. Pour ce faire, nous disposons d&rsquo;un atelier bien \u00e9quip\u00e9 et d&rsquo;un atelier mobile qui, si n\u00e9cessaire, peut se rendre rapidement sur place en Belgique, aux Pays-Bas, en Allemagne et en France.<\/p>\n\n\n\n<p class=\"has-medium-font-size\"><strong>Pourquoi Van Stappen &#038; Cada<\/strong><\/p>\n\n\n\n<ul class=\"wp-block-list has-medium-font-size\">\n<li>Sp\u00e9cialisation et expertise<\/li>\n\n\n\n<li>Ensemble de services complets<\/li>\n\n\n\n<li>Service et maintenance 24\/7<\/li>\n\n\n\n<li>Bonne r\u00e9putation<\/li>\n\n\n\n<li>Ateliers mobiles<\/li>\n\n\n\n<li>Solutions int\u00e9gr\u00e9es<\/li>\n<\/ul>\n\n\n\n<p class=\"has-medium-font-size\">Choisissez Van Stappen &#038; Cada en raison de notre expertise approfondie, de nos services complets, de notre fiabilit\u00e9, de notre solide r\u00e9putation et de nos solutions mobiles flexibles. Nous garantissons que les op\u00e9rations de navigation int\u00e9rieure fonctionneront toujours de mani\u00e8re optimale.<\/p>\n<\/div>\n\n\n\n<div class=\"wp-block-column is-layout-flow wp-block-column-is-layout-flow\">\n\t\t\t<div class=\"wp-block-uagb-post-grid uagb-post-grid  uagb-post__image-position-top uagb-post__image-enabled uagb-block-4e96ce8b     uagb-post__items uagb-post__columns-1 is-grid uagb-post__columns-tablet-2 uagb-post__columns-mobile-1 uagb-post__equal-height\" data-total=\"1\" style=\"\">\n\n\t\t\t\t\t\t\t\t\t\t\t\t<article class=\"uagb-post__inner-wrap\">\t\t\t\t\t\t\t\t<h4 class=\"uagb-post__title uagb-post__text\">\n\t\t\t\t<a href=\"https:\/\/www.vanstappen.eu\/fr\/technicien\/\" target=\"_self\" rel=\"bookmark noopener noreferrer\">Technicien<\/a>\n\t\t\t<\/h4>\n\t\t\t\t\t\t<div class='uagb-post__text uagb-post-grid-byline'>\n\t\t\t\t\t\t\t\t<time datetime=\"2025-03-26T09:50:16+00:00\" class=\"uagb-post__date\">\n\t\t\t\t<span class=\"dashicons-calendar dashicons\"><\/span>\t\t\t\t\t26 Mar 25\t\t\t\t<\/time>\n\t\t\t\t\t\t<\/div>\n\t\t\t\t\t\t\t<div class='uagb-post__text uagb-post__excerpt'>\n\t\t\t\t\t<p>Vous \u00eates un technicien \u00e0 la recherche d&rsquo;un nouveau d\u00e9fi ? Van Stappen est \u00e0 la recherche d&rsquo;un \u00e9lectricien motiv\u00e9 pour rejoindre son \u00e9quipe! Description&#8230;\t\t\t\t<\/div>\n\t\t\t\t\t\t<div class=\"uagb-post__text uagb-post__cta wp-block-button\">\n\t\t\t\t<a class=\"wp-block-button__link uagb-text-link\" style=\"\" href=\"https:\/\/www.vanstappen.eu\/fr\/technicien\/\" target=\"_self\" rel=\"bookmark noopener noreferrer\">EN SAVOIR PLUS<\/a>\n\t\t\t<\/div>\n\t\t\t\n\t\t\t\t\t\t\t\t\t<\/article>\n\t\t\t\t\t\t\t\t\t\t\t<\/div>\n\t\t\t<\/div>\n<\/div>\n","protected":false},"excerpt":{"rendered":"<p>Van Stappen &#038; Cada Scheepselectro Chez Van Stappen &#038; Cada, nous sommes sp\u00e9cialis\u00e9s dans l&rsquo;\u00e9lectronique marine, et plus particuli\u00e8rement dans [&hellip;]<\/p>\n","protected":false},"author":1,"featured_media":0,"parent":0,"menu_order":0,"comment_status":"closed","ping_status":"closed","template":"","meta":{"_uag_custom_page_level_css":"","site-sidebar-layout":"default","site-content-layout":"","ast-site-content-layout":"","site-content-style":"default","site-sidebar-style":"default","ast-global-header-display":"","ast-banner-title-visibility":"","ast-main-header-display":"","ast-hfb-above-header-display":"","ast-hfb-below-header-display":"","ast-hfb-mobile-header-display":"","site-post-title":"","ast-breadcrumbs-content":"","ast-featured-img":"","footer-sml-layout":"","theme-transparent-header-meta":"","adv-header-id-meta":"","stick-header-meta":"","header-above-stick-meta":"","header-main-stick-meta":"","header-below-stick-meta":"","astra-migrate-meta-layouts":"default","ast-page-background-enabled":"default","ast-page-background-meta":{"desktop":{"background-color":"var(--ast-global-color-5)","background-image":"","background-repeat":"repeat","background-position":"center center","background-size":"auto","background-attachment":"scroll","background-type":"","background-media":"","overlay-type":"","overlay-color":"","overlay-opacity":"","overlay-gradient":""},"tablet":{"background-color":"","background-image":"","background-repeat":"repeat","background-position":"center center","background-size":"auto","background-attachment":"scroll","background-type":"","background-media":"","overlay-type":"","overlay-color":"","overlay-opacity":"","overlay-gradient":""},"mobile":{"background-color":"","background-image":"","background-repeat":"repeat","background-position":"center center","background-size":"auto","background-attachment":"scroll","background-type":"","background-media":"","overlay-type":"","overlay-color":"","overlay-opacity":"","overlay-gradient":""}},"ast-content-background-meta":{"desktop":{"background-color":"var(--ast-global-color-4)","background-image":"","background-repeat":"repeat","background-position":"center center","background-size":"auto","background-attachment":"scroll","background-type":"","background-media":"","overlay-type":"","overlay-color":"","overlay-opacity":"","overlay-gradient":""},"tablet":{"background-color":"var(--ast-global-color-4)","background-image":"","background-repeat":"repeat","background-position":"center center","background-size":"auto","background-attachment":"scroll","background-type":"","background-media":"","overlay-type":"","overlay-color":"","overlay-opacity":"","overlay-gradient":""},"mobile":{"background-color":"var(--ast-global-color-4)","background-image":"","background-repeat":"repeat","background-position":"center center","background-size":"auto","background-attachment":"scroll","background-type":"","background-media":"","overlay-type":"","overlay-color":"","overlay-opacity":"","overlay-gradient":""}},"footnotes":""},"class_list":["post-58","page","type-page","status-publish","hentry"],"uagb_featured_image_src":{"full":false,"thumbnail":false,"medium":false,"medium_large":false,"large":false,"1536x1536":false,"2048x2048":false,"gform-image-choice-sm":false,"gform-image-choice-md":false,"gform-image-choice-lg":false},"uagb_author_info":{"display_name":"admincada","author_link":"https:\/\/www.vanstappen.eu\/fr\/author\/admincada\/"},"uagb_comment_info":0,"uagb_excerpt":"Van Stappen &#038; Cada Scheepselectro Chez Van Stappen &#038; Cada, nous sommes sp\u00e9cialis\u00e9s dans l&rsquo;\u00e9lectronique marine, et plus particuli\u00e8rement dans [&hellip;]","_links":{"self":[{"href":"https:\/\/www.vanstappen.eu\/fr\/wp-json\/wp\/v2\/pages\/58","targetHints":{"allow":["GET"]}}],"collection":[{"href":"https:\/\/www.vanstappen.eu\/fr\/wp-json\/wp\/v2\/pages"}],"about":[{"href":"https:\/\/www.vanstappen.eu\/fr\/wp-json\/wp\/v2\/types\/page"}],"author":[{"embeddable":true,"href":"https:\/\/www.vanstappen.eu\/fr\/wp-json\/wp\/v2\/users\/1"}],"replies":[{"embeddable":true,"href":"https:\/\/www.vanstappen.eu\/fr\/wp-json\/wp\/v2\/comments?post=58"}],"version-history":[{"count":56,"href":"https:\/\/www.vanstappen.eu\/fr\/wp-json\/wp\/v2\/pages\/58\/revisions"}],"predecessor-version":[{"id":483,"href":"https:\/\/www.vanstappen.eu\/fr\/wp-json\/wp\/v2\/pages\/58\/revisions\/483"}],"wp:attachment":[{"href":"https:\/\/www.vanstappen.eu\/fr\/wp-json\/wp\/v2\/media?parent=58"}],"curies":[{"name":"wp","href":"https:\/\/api.w.org\/{rel}","templated":true}]}}